{"id":3442,"date":"2025-06-06T09:21:04","date_gmt":"2025-06-06T09:21:04","guid":{"rendered":"https:\/\/girbaulab.com\/cultura\/fashioners-of-the-world\/"},"modified":"2025-06-25T14:46:07","modified_gmt":"2025-06-25T14:46:07","slug":"fashioners-of-the-world","status":"publish","type":"page","link":"https:\/\/www.girbaulab.com\/ca\/cultura\/fashioners-of-the-world\/","title":{"rendered":"Fashioners of the World"},"content":{"rendered":"<p>La moda comen\u00e7a amb el primer tra\u00e7. I des d\u2019aquest instant, el tractament t\u00e8xtil hauria d\u2019entendre\u2019s com una part del proc\u00e9s creatiu, vinculat al disseny i a la vida \u00fatil de cada pe\u00e7a. Des de Girbau LAB donem suport a iniciatives que impulsen noves maneres de pensar la moda des del seu origen. Una d\u2019aquestes \u00e9s <strong>la desfilada de graduaci\u00f3 dels estudiants de moda de l\u2019IED Barcelona, un esdeveniment que connecta el talent emergent amb els reptes del sector.<\/strong><\/p>\n<p>El 16 de juny, a l&#8217;emblem\u00e0tic Palau Reial de Pedralbes de Barcelona se celebra la 21a edici\u00f3 del Final Fashion Show Fashioners of the World, on es presenten les millors col\u00b7leccions de la promoci\u00f3 2025 de l&#8217;IED Barcelona.<\/p>\n<p>Aquesta edici\u00f3 \u00e9s especialment significativa, ja que \u00e9s la m\u00e9s nombrosa en la hist\u00f2ria de l\u2019Escola de Moda i compta amb <strong>25 propostes seleccionades<\/strong> d\u2019estudiants del Grau en Disseny de Moda i del BA in Fashion Design. A m\u00e9s de mostrar per primera vegada les seves creacions davant del p\u00fablic, els participants optaran a <strong>cinc guardons atorgats per experts del sector, entre els quals aquest any hem participat com a Girbau LAB.<\/strong><\/p>\n<p>Les col\u00b7leccions han estat concebudes per integrar criteris de sostenibilitat, incorporar innovaci\u00f3 tecnol\u00f2gica i expressar missatges amb impacte. <strong>En conjunt, les col\u00b7leccions mostren el talent emergent que liderar\u00e0 la moda del futur<\/strong>.<\/p>\n<p><strong>Col\u00b7laborem amb<\/strong> l\u2019<a href=\"https:\/\/www.ied.es\/barcelona\" target=\"_blank\" rel=\"noopener\">IED Barcelona<\/a> <strong>per posar el focus en la import\u00e0ncia del tractament t\u00e8xtil i la cultura de la roba, no nom\u00e9s en el disseny i l\u2019estil, sin\u00f3 tamb\u00e9 en l\u2019\u00fas i les m\u00faltiples vides de les peces<\/strong>. Donem suport a una formaci\u00f3 que integra creativitat, criteri i comprom\u00eds.<\/p>\n<p>&nbsp;<\/p>\n","protected":false},"excerpt":{"rendered":"<p>La moda comen\u00e7a amb el primer tra\u00e7. I des d\u2019aquest instant, el tractament t\u00e8xtil hauria d\u2019entendre\u2019s com una part del proc\u00e9s creatiu, vinculat al disseny i a la vida \u00fatil de cada pe\u00e7a. Des de Girbau LAB donem suport a iniciatives que impulsen noves maneres de pensar la moda des del seu origen. Una d\u2019aquestes [&hellip;]<\/p>\n","protected":false},"author":1,"featured_media":0,"parent":2900,"menu_order":0,"comment_status":"closed","ping_status":"closed","template":"page-culture-single.php","meta":{"_acf_changed":false,"footnotes":""},"class_list":["post-3442","page","type-page","status-publish","hentry"],"acf":[],"yoast_head":"<!-- This site is optimized with the Yoast SEO plugin v27.1.1 - https:\/\/yoast.com\/product\/yoast-seo-wordpress\/ -->\n<title>Fashioners of the World - Girbau LAB<\/title>\n<meta name=\"description\" content=\"Donem suport al desfilada de l\u2019IED Barcelona Fashioners of the World i al talent emergent que uneix disseny, sostenibilitat i tractament t\u00e8xtil.\" \/>\n<meta name=\"robots\" content=\"index, follow, max-snippet:-1, max-image-preview:large, max-video-preview:-1\" \/>\n<link rel=\"canonical\" href=\"https:\/\/www.girbaulab.com\/ca\/cultura\/fashioners-of-the-world\/\" \/>\n<meta property=\"og:locale\" content=\"ca_ES\" \/>\n<meta property=\"og:type\" content=\"article\" \/>\n<meta property=\"og:title\" content=\"Fashioners of the World - Girbau LAB\" \/>\n<meta property=\"og:description\" content=\"Donem suport al desfilada de l\u2019IED Barcelona Fashioners of the World i al talent emergent que uneix disseny, sostenibilitat i tractament t\u00e8xtil.\" \/>\n<meta property=\"og:url\" content=\"https:\/\/www.girbaulab.com\/ca\/cultura\/fashioners-of-the-world\/\" \/>\n<meta property=\"og:site_name\" content=\"Girbau LAB\" \/>\n<meta property=\"article:modified_time\" content=\"2025-06-25T14:46:07+00:00\" \/>\n<meta name=\"twitter:card\" content=\"summary_large_image\" \/>\n<meta name=\"twitter:site\" content=\"@girbaulab\" \/>\n<meta name=\"twitter:label1\" content=\"Est. reading time\" \/>\n\t<meta name=\"twitter:data1\" content=\"2 minutes\" \/>\n<script type=\"application\/ld+json\" class=\"yoast-schema-graph\">{\"@context\":\"https:\/\/schema.org\",\"@graph\":[{\"@type\":\"WebPage\",\"@id\":\"https:\/\/www.girbaulab.com\/ca\/cultura\/fashioners-of-the-world\/\",\"url\":\"https:\/\/www.girbaulab.com\/ca\/cultura\/fashioners-of-the-world\/\",\"name\":\"Fashioners of the World - Girbau LAB\",\"isPartOf\":{\"@id\":\"http:\/\/www.girbaulab.com\/#website\"},\"datePublished\":\"2025-06-06T09:21:04+00:00\",\"dateModified\":\"2025-06-25T14:46:07+00:00\",\"description\":\"Donem suport al desfilada de l\u2019IED Barcelona Fashioners of the World i al talent emergent que uneix disseny, sostenibilitat i tractament t\u00e8xtil.\",\"breadcrumb\":{\"@id\":\"https:\/\/www.girbaulab.com\/ca\/cultura\/fashioners-of-the-world\/#breadcrumb\"},\"inLanguage\":\"ca\",\"potentialAction\":[{\"@type\":\"ReadAction\",\"target\":[\"https:\/\/www.girbaulab.com\/ca\/cultura\/fashioners-of-the-world\/\"]}]},{\"@type\":\"BreadcrumbList\",\"@id\":\"https:\/\/www.girbaulab.com\/ca\/cultura\/fashioners-of-the-world\/#breadcrumb\",\"itemListElement\":[{\"@type\":\"ListItem\",\"position\":1,\"name\":\"Home\",\"item\":\"https:\/\/www.girbaulab.com\/ca\/\"},{\"@type\":\"ListItem\",\"position\":2,\"name\":\"Cultura\",\"item\":\"http:\/\/girbaulab.com\/ca\/cultura\/\"},{\"@type\":\"ListItem\",\"position\":3,\"name\":\"Fashioners of the World\"}]},{\"@type\":\"WebSite\",\"@id\":\"http:\/\/www.girbaulab.com\/#website\",\"url\":\"http:\/\/www.girbaulab.com\/\",\"name\":\"Girbau LAB\",\"description\":\"Girbau LAB is a space for collaboration created to add value to the laundry industry through innovation\",\"publisher\":{\"@id\":\"http:\/\/www.girbaulab.com\/#organization\"},\"potentialAction\":[{\"@type\":\"SearchAction\",\"target\":{\"@type\":\"EntryPoint\",\"urlTemplate\":\"http:\/\/www.girbaulab.com\/?s={search_term_string}\"},\"query-input\":{\"@type\":\"PropertyValueSpecification\",\"valueRequired\":true,\"valueName\":\"search_term_string\"}}],\"inLanguage\":\"ca\"},{\"@type\":\"Organization\",\"@id\":\"http:\/\/www.girbaulab.com\/#organization\",\"name\":\"Girbau LAB\",\"url\":\"http:\/\/www.girbaulab.com\/\",\"logo\":{\"@type\":\"ImageObject\",\"inLanguage\":\"ca\",\"@id\":\"http:\/\/www.girbaulab.com\/#\/schema\/logo\/image\/\",\"url\":\"https:\/\/hundreds-wordpress-uploads.s3.amazonaws.com\/girbaulab\/uploads\/2022\/10\/Girbau_LAB_logo.png\",\"contentUrl\":\"https:\/\/hundreds-wordpress-uploads.s3.amazonaws.com\/girbaulab\/uploads\/2022\/10\/Girbau_LAB_logo.png\",\"width\":562,\"height\":90,\"caption\":\"Girbau LAB\"},\"image\":{\"@id\":\"http:\/\/www.girbaulab.com\/#\/schema\/logo\/image\/\"},\"sameAs\":[\"https:\/\/x.com\/girbaulab\",\"https:\/\/www.linkedin.com\/company\/girbaulab\/\"]}]}<\/script>\n<!-- \/ Yoast SEO plugin. -->","yoast_head_json":{"title":"Fashioners of the World - Girbau LAB","description":"Donem suport al desfilada de l\u2019IED Barcelona Fashioners of the World i al talent emergent que uneix disseny, sostenibilitat i tractament t\u00e8xtil.","robots":{"index":"index","follow":"follow","max-snippet":"max-snippet:-1","max-image-preview":"max-image-preview:large","max-video-preview":"max-video-preview:-1"},"canonical":"https:\/\/www.girbaulab.com\/ca\/cultura\/fashioners-of-the-world\/","og_locale":"ca_ES","og_type":"article","og_title":"Fashioners of the World - Girbau LAB","og_description":"Donem suport al desfilada de l\u2019IED Barcelona Fashioners of the World i al talent emergent que uneix disseny, sostenibilitat i tractament t\u00e8xtil.","og_url":"https:\/\/www.girbaulab.com\/ca\/cultura\/fashioners-of-the-world\/","og_site_name":"Girbau LAB","article_modified_time":"2025-06-25T14:46:07+00:00","twitter_card":"summary_large_image","twitter_site":"@girbaulab","twitter_misc":{"Est. reading time":"2 minutes"},"schema":{"@context":"https:\/\/schema.org","@graph":[{"@type":"WebPage","@id":"https:\/\/www.girbaulab.com\/ca\/cultura\/fashioners-of-the-world\/","url":"https:\/\/www.girbaulab.com\/ca\/cultura\/fashioners-of-the-world\/","name":"Fashioners of the World - Girbau LAB","isPartOf":{"@id":"http:\/\/www.girbaulab.com\/#website"},"datePublished":"2025-06-06T09:21:04+00:00","dateModified":"2025-06-25T14:46:07+00:00","description":"Donem suport al desfilada de l\u2019IED Barcelona Fashioners of the World i al talent emergent que uneix disseny, sostenibilitat i tractament t\u00e8xtil.","breadcrumb":{"@id":"https:\/\/www.girbaulab.com\/ca\/cultura\/fashioners-of-the-world\/#breadcrumb"},"inLanguage":"ca","potentialAction":[{"@type":"ReadAction","target":["https:\/\/www.girbaulab.com\/ca\/cultura\/fashioners-of-the-world\/"]}]},{"@type":"BreadcrumbList","@id":"https:\/\/www.girbaulab.com\/ca\/cultura\/fashioners-of-the-world\/#breadcrumb","itemListElement":[{"@type":"ListItem","position":1,"name":"Home","item":"https:\/\/www.girbaulab.com\/ca\/"},{"@type":"ListItem","position":2,"name":"Cultura","item":"http:\/\/girbaulab.com\/ca\/cultura\/"},{"@type":"ListItem","position":3,"name":"Fashioners of the World"}]},{"@type":"WebSite","@id":"http:\/\/www.girbaulab.com\/#website","url":"http:\/\/www.girbaulab.com\/","name":"Girbau LAB","description":"Girbau LAB is a space for collaboration created to add value to the laundry industry through innovation","publisher":{"@id":"http:\/\/www.girbaulab.com\/#organization"},"potentialAction":[{"@type":"SearchAction","target":{"@type":"EntryPoint","urlTemplate":"http:\/\/www.girbaulab.com\/?s={search_term_string}"},"query-input":{"@type":"PropertyValueSpecification","valueRequired":true,"valueName":"search_term_string"}}],"inLanguage":"ca"},{"@type":"Organization","@id":"http:\/\/www.girbaulab.com\/#organization","name":"Girbau LAB","url":"http:\/\/www.girbaulab.com\/","logo":{"@type":"ImageObject","inLanguage":"ca","@id":"http:\/\/www.girbaulab.com\/#\/schema\/logo\/image\/","url":"https:\/\/hundreds-wordpress-uploads.s3.amazonaws.com\/girbaulab\/uploads\/2022\/10\/Girbau_LAB_logo.png","contentUrl":"https:\/\/hundreds-wordpress-uploads.s3.amazonaws.com\/girbaulab\/uploads\/2022\/10\/Girbau_LAB_logo.png","width":562,"height":90,"caption":"Girbau LAB"},"image":{"@id":"http:\/\/www.girbaulab.com\/#\/schema\/logo\/image\/"},"sameAs":["https:\/\/x.com\/girbaulab","https:\/\/www.linkedin.com\/company\/girbaulab\/"]}]}},"_links":{"self":[{"href":"https:\/\/www.girbaulab.com\/ca\/wp-json\/wp\/v2\/pages\/3442","targetHints":{"allow":["GET"]}}],"collection":[{"href":"https:\/\/www.girbaulab.com\/ca\/wp-json\/wp\/v2\/pages"}],"about":[{"href":"https:\/\/www.girbaulab.com\/ca\/wp-json\/wp\/v2\/types\/page"}],"author":[{"embeddable":true,"href":"https:\/\/www.girbaulab.com\/ca\/wp-json\/wp\/v2\/users\/1"}],"replies":[{"embeddable":true,"href":"https:\/\/www.girbaulab.com\/ca\/wp-json\/wp\/v2\/comments?post=3442"}],"version-history":[{"count":9,"href":"https:\/\/www.girbaulab.com\/ca\/wp-json\/wp\/v2\/pages\/3442\/revisions"}],"predecessor-version":[{"id":3592,"href":"https:\/\/www.girbaulab.com\/ca\/wp-json\/wp\/v2\/pages\/3442\/revisions\/3592"}],"up":[{"embeddable":true,"href":"https:\/\/www.girbaulab.com\/ca\/wp-json\/wp\/v2\/pages\/2900"}],"wp:attachment":[{"href":"https:\/\/www.girbaulab.com\/ca\/wp-json\/wp\/v2\/media?parent=3442"}],"curies":[{"name":"wp","href":"https:\/\/api.w.org\/{rel}","templated":true}]}}