{"id":3417,"date":"2025-06-06T09:21:04","date_gmt":"2025-06-06T09:21:04","guid":{"rendered":"https:\/\/girbaulab.com\/?page_id=3417"},"modified":"2025-06-25T14:44:20","modified_gmt":"2025-06-25T14:44:20","slug":"fashioners-of-the-world","status":"publish","type":"page","link":"https:\/\/www.girbaulab.com\/es\/cultura\/fashioners-of-the-world\/","title":{"rendered":"Fashioners of the World"},"content":{"rendered":"<p>La moda comienza con el primer trazo. Y desde ese instante, el tratamiento textil deber\u00eda entenderse como una parte del proceso creativo, vinculado al dise\u00f1o y a la vida \u00fatil de cada prenda. Desde Girbau LAB apoyamos iniciativas que impulsan nuevas formas de pensar la moda desde su origen. Una de ellas es el <strong>desfile de graduaci\u00f3n de los estudiantes de moda del IED Barcelona, un evento que conecta el talento emergente con los retos del sector.<\/strong><\/p>\n<p>El 16 de junio, en el emblem\u00e1tico Palau Reial de Pedralbes de Barcelona se celebra la 21\u00aa edici\u00f3n del Final Fashion Show \u201cFashioners of the World\u201d, donde se presentan las mejores colecciones de la promoci\u00f3n 2025 del IED Barcelona.<\/p>\n<p>Esta edici\u00f3n es especialmente significativa pues es la m\u00e1s numerosa en la historia de la Escuela de Moda y cuenta con <strong>25 propuestas seleccionadas<\/strong> de estudiantes del Grado en Dise\u00f1o de Moda y del BA in Fashion Design. Adem\u00e1s de mostrar por primera vez sus creaciones ante el p\u00fablico, los participantes optar\u00e1n a <strong>cinco galardones otorgados por expertos del sector, entre los que este a\u00f1o hemos participado como Girbau LAB.<\/strong><\/p>\n<p>Las colecciones han sido concebidas para integrar criterios de sostenibilidad, incorporar innovaci\u00f3n tecnol\u00f3gica y expresar mensajes con impacto. <strong>En su conjunto, las colecciones muestran el talento emergente que liderar\u00e1 la moda del futuro.<\/strong><\/p>\n<p><strong>Colaboramos con<\/strong> <a href=\"https:\/\/www.ied.es\/barcelona\" target=\"_blank\" rel=\"noopener\">IED Barcelona<\/a> para <strong>poner el foco en la importancia del tratamiento textil y la cultura de la ropa, no solo en el dise\u00f1o y el estilo, sino tambi\u00e9n en el uso y en las m\u00faltiples vidas de las prendas.<\/strong> Apoyamos una formaci\u00f3n que integra creatividad, criterio y compromiso.<\/p>\n<p>&nbsp;<\/p>\n","protected":false},"excerpt":{"rendered":"<p>La moda comienza con el primer trazo. Y desde ese instante, el tratamiento textil deber\u00eda entenderse como una parte del proceso creativo, vinculado al dise\u00f1o y a la vida \u00fatil de cada prenda. Desde Girbau LAB apoyamos iniciativas que impulsan nuevas formas de pensar la moda desde su origen. Una de ellas es el desfile [&hellip;]<\/p>\n","protected":false},"author":1,"featured_media":0,"parent":2901,"menu_order":0,"comment_status":"closed","ping_status":"closed","template":"page-culture-single.php","meta":{"_acf_changed":false,"footnotes":""},"class_list":["post-3417","page","type-page","status-publish","hentry"],"acf":[],"yoast_head":"<!-- This site is optimized with the Yoast SEO plugin v27.1.1 - https:\/\/yoast.com\/product\/yoast-seo-wordpress\/ -->\n<title>Fashioners of the World - Girbau LAB<\/title>\n<meta name=\"description\" content=\"Girbau LAB colabora en el desfile del IED Barcelona Fashioners of the World para impulsar una moda consciente\" \/>\n<meta name=\"robots\" content=\"index, follow, max-snippet:-1, max-image-preview:large, max-video-preview:-1\" \/>\n<link rel=\"canonical\" href=\"https:\/\/www.girbaulab.com\/es\/cultura\/fashioners-of-the-world\/\" \/>\n<meta property=\"og:locale\" content=\"es_ES\" \/>\n<meta property=\"og:type\" content=\"article\" \/>\n<meta property=\"og:title\" content=\"Fashioners of the World - Girbau LAB\" \/>\n<meta property=\"og:description\" content=\"Girbau LAB colabora en el desfile del IED Barcelona Fashioners of the World para impulsar una moda consciente\" \/>\n<meta property=\"og:url\" content=\"https:\/\/www.girbaulab.com\/es\/cultura\/fashioners-of-the-world\/\" \/>\n<meta property=\"og:site_name\" content=\"Girbau LAB\" \/>\n<meta property=\"article:modified_time\" content=\"2025-06-25T14:44:20+00:00\" \/>\n<meta name=\"twitter:card\" content=\"summary_large_image\" \/>\n<meta name=\"twitter:site\" content=\"@girbaulab\" \/>\n<meta name=\"twitter:label1\" content=\"Tiempo de lectura\" \/>\n\t<meta name=\"twitter:data1\" content=\"2 minutos\" \/>\n<script type=\"application\/ld+json\" class=\"yoast-schema-graph\">{\"@context\":\"https:\/\/schema.org\",\"@graph\":[{\"@type\":\"WebPage\",\"@id\":\"https:\/\/www.girbaulab.com\/es\/cultura\/fashioners-of-the-world\/\",\"url\":\"https:\/\/www.girbaulab.com\/es\/cultura\/fashioners-of-the-world\/\",\"name\":\"Fashioners of the World - Girbau LAB\",\"isPartOf\":{\"@id\":\"http:\/\/www.girbaulab.com\/es\/#website\"},\"datePublished\":\"2025-06-06T09:21:04+00:00\",\"dateModified\":\"2025-06-25T14:44:20+00:00\",\"description\":\"Girbau LAB colabora en el desfile del IED Barcelona Fashioners of the World para impulsar una moda consciente\",\"breadcrumb\":{\"@id\":\"https:\/\/www.girbaulab.com\/es\/cultura\/fashioners-of-the-world\/#breadcrumb\"},\"inLanguage\":\"es\",\"potentialAction\":[{\"@type\":\"ReadAction\",\"target\":[\"https:\/\/www.girbaulab.com\/es\/cultura\/fashioners-of-the-world\/\"]}]},{\"@type\":\"BreadcrumbList\",\"@id\":\"https:\/\/www.girbaulab.com\/es\/cultura\/fashioners-of-the-world\/#breadcrumb\",\"itemListElement\":[{\"@type\":\"ListItem\",\"position\":1,\"name\":\"Home\",\"item\":\"http:\/\/www.girbaulab.com\/es\/\"},{\"@type\":\"ListItem\",\"position\":2,\"name\":\"Cultura\",\"item\":\"http:\/\/www.girbaulab.com\/es\/cultura\/\"},{\"@type\":\"ListItem\",\"position\":3,\"name\":\"Fashioners of the World\"}]},{\"@type\":\"WebSite\",\"@id\":\"http:\/\/www.girbaulab.com\/es\/#website\",\"url\":\"http:\/\/www.girbaulab.com\/es\/\",\"name\":\"Girbau LAB\",\"description\":\"Girbau LAB is a space for collaboration created to add value to the laundry industry through innovation\",\"publisher\":{\"@id\":\"http:\/\/www.girbaulab.com\/es\/#organization\"},\"potentialAction\":[{\"@type\":\"SearchAction\",\"target\":{\"@type\":\"EntryPoint\",\"urlTemplate\":\"http:\/\/www.girbaulab.com\/es\/?s={search_term_string}\"},\"query-input\":{\"@type\":\"PropertyValueSpecification\",\"valueRequired\":true,\"valueName\":\"search_term_string\"}}],\"inLanguage\":\"es\"},{\"@type\":\"Organization\",\"@id\":\"http:\/\/www.girbaulab.com\/es\/#organization\",\"name\":\"Girbau LAB\",\"url\":\"http:\/\/www.girbaulab.com\/es\/\",\"logo\":{\"@type\":\"ImageObject\",\"inLanguage\":\"es\",\"@id\":\"http:\/\/www.girbaulab.com\/es\/#\/schema\/logo\/image\/\",\"url\":\"https:\/\/hundreds-wordpress-uploads.s3.amazonaws.com\/girbaulab\/uploads\/2022\/10\/Girbau_LAB_logo.png\",\"contentUrl\":\"https:\/\/hundreds-wordpress-uploads.s3.amazonaws.com\/girbaulab\/uploads\/2022\/10\/Girbau_LAB_logo.png\",\"width\":562,\"height\":90,\"caption\":\"Girbau LAB\"},\"image\":{\"@id\":\"http:\/\/www.girbaulab.com\/es\/#\/schema\/logo\/image\/\"},\"sameAs\":[\"https:\/\/x.com\/girbaulab\",\"https:\/\/www.linkedin.com\/company\/girbaulab\/\"]}]}<\/script>\n<!-- \/ Yoast SEO plugin. -->","yoast_head_json":{"title":"Fashioners of the World - Girbau LAB","description":"Girbau LAB colabora en el desfile del IED Barcelona Fashioners of the World para impulsar una moda consciente","robots":{"index":"index","follow":"follow","max-snippet":"max-snippet:-1","max-image-preview":"max-image-preview:large","max-video-preview":"max-video-preview:-1"},"canonical":"https:\/\/www.girbaulab.com\/es\/cultura\/fashioners-of-the-world\/","og_locale":"es_ES","og_type":"article","og_title":"Fashioners of the World - Girbau LAB","og_description":"Girbau LAB colabora en el desfile del IED Barcelona Fashioners of the World para impulsar una moda consciente","og_url":"https:\/\/www.girbaulab.com\/es\/cultura\/fashioners-of-the-world\/","og_site_name":"Girbau LAB","article_modified_time":"2025-06-25T14:44:20+00:00","twitter_card":"summary_large_image","twitter_site":"@girbaulab","twitter_misc":{"Tiempo de lectura":"2 minutos"},"schema":{"@context":"https:\/\/schema.org","@graph":[{"@type":"WebPage","@id":"https:\/\/www.girbaulab.com\/es\/cultura\/fashioners-of-the-world\/","url":"https:\/\/www.girbaulab.com\/es\/cultura\/fashioners-of-the-world\/","name":"Fashioners of the World - Girbau LAB","isPartOf":{"@id":"http:\/\/www.girbaulab.com\/es\/#website"},"datePublished":"2025-06-06T09:21:04+00:00","dateModified":"2025-06-25T14:44:20+00:00","description":"Girbau LAB colabora en el desfile del IED Barcelona Fashioners of the World para impulsar una moda consciente","breadcrumb":{"@id":"https:\/\/www.girbaulab.com\/es\/cultura\/fashioners-of-the-world\/#breadcrumb"},"inLanguage":"es","potentialAction":[{"@type":"ReadAction","target":["https:\/\/www.girbaulab.com\/es\/cultura\/fashioners-of-the-world\/"]}]},{"@type":"BreadcrumbList","@id":"https:\/\/www.girbaulab.com\/es\/cultura\/fashioners-of-the-world\/#breadcrumb","itemListElement":[{"@type":"ListItem","position":1,"name":"Home","item":"http:\/\/www.girbaulab.com\/es\/"},{"@type":"ListItem","position":2,"name":"Cultura","item":"http:\/\/www.girbaulab.com\/es\/cultura\/"},{"@type":"ListItem","position":3,"name":"Fashioners of the World"}]},{"@type":"WebSite","@id":"http:\/\/www.girbaulab.com\/es\/#website","url":"http:\/\/www.girbaulab.com\/es\/","name":"Girbau LAB","description":"Girbau LAB is a space for collaboration created to add value to the laundry industry through innovation","publisher":{"@id":"http:\/\/www.girbaulab.com\/es\/#organization"},"potentialAction":[{"@type":"SearchAction","target":{"@type":"EntryPoint","urlTemplate":"http:\/\/www.girbaulab.com\/es\/?s={search_term_string}"},"query-input":{"@type":"PropertyValueSpecification","valueRequired":true,"valueName":"search_term_string"}}],"inLanguage":"es"},{"@type":"Organization","@id":"http:\/\/www.girbaulab.com\/es\/#organization","name":"Girbau LAB","url":"http:\/\/www.girbaulab.com\/es\/","logo":{"@type":"ImageObject","inLanguage":"es","@id":"http:\/\/www.girbaulab.com\/es\/#\/schema\/logo\/image\/","url":"https:\/\/hundreds-wordpress-uploads.s3.amazonaws.com\/girbaulab\/uploads\/2022\/10\/Girbau_LAB_logo.png","contentUrl":"https:\/\/hundreds-wordpress-uploads.s3.amazonaws.com\/girbaulab\/uploads\/2022\/10\/Girbau_LAB_logo.png","width":562,"height":90,"caption":"Girbau LAB"},"image":{"@id":"http:\/\/www.girbaulab.com\/es\/#\/schema\/logo\/image\/"},"sameAs":["https:\/\/x.com\/girbaulab","https:\/\/www.linkedin.com\/company\/girbaulab\/"]}]}},"_links":{"self":[{"href":"https:\/\/www.girbaulab.com\/es\/wp-json\/wp\/v2\/pages\/3417","targetHints":{"allow":["GET"]}}],"collection":[{"href":"https:\/\/www.girbaulab.com\/es\/wp-json\/wp\/v2\/pages"}],"about":[{"href":"https:\/\/www.girbaulab.com\/es\/wp-json\/wp\/v2\/types\/page"}],"author":[{"embeddable":true,"href":"https:\/\/www.girbaulab.com\/es\/wp-json\/wp\/v2\/users\/1"}],"replies":[{"embeddable":true,"href":"https:\/\/www.girbaulab.com\/es\/wp-json\/wp\/v2\/comments?post=3417"}],"version-history":[{"count":18,"href":"https:\/\/www.girbaulab.com\/es\/wp-json\/wp\/v2\/pages\/3417\/revisions"}],"predecessor-version":[{"id":3590,"href":"https:\/\/www.girbaulab.com\/es\/wp-json\/wp\/v2\/pages\/3417\/revisions\/3590"}],"up":[{"embeddable":true,"href":"https:\/\/www.girbaulab.com\/es\/wp-json\/wp\/v2\/pages\/2901"}],"wp:attachment":[{"href":"https:\/\/www.girbaulab.com\/es\/wp-json\/wp\/v2\/media?parent=3417"}],"curies":[{"name":"wp","href":"https:\/\/api.w.org\/{rel}","templated":true}]}}